{"id":10,"date":"2025-06-06T09:07:32","date_gmt":"2025-06-06T07:07:32","guid":{"rendered":"https:\/\/www.cegasa.com\/cegasatedapower\/?page_id=10"},"modified":"2026-04-08T13:24:06","modified_gmt":"2026-04-08T11:24:06","slug":"cegasa-te-da-power","status":"publish","type":"page","link":"https:\/\/www.cegasa.com\/cegasatedapower\/es\/","title":{"rendered":"CEGASA te da power"},"content":{"rendered":"\n<figure class=\"wp-block-image size-full\"><img loading=\"lazy\" decoding=\"async\" width=\"440\" height=\"440\" src=\"https:\/\/www.cegasa.com\/cegasatedapower\/wp-content\/uploads\/cegasa-flash-es.png.png\" alt=\"\" class=\"wp-image-55\"\/><\/figure>\n\n\n\n<h1 class=\"wp-block-heading\">Mi casa <em>tiene power. <\/em><\/h1>\n\n\n\n<h2 class=\"wp-block-heading\">\u00bfY la tuya?<\/h2>\n\n\n\n<p><strong>Hazte con el poder de generar y almacenar tu propia energ\u00eda.<\/strong> Instala placas solares con bater\u00edas y aprovecha las ayudas del Gobierno Vasco.<\/p>\n\n\n\n<h6 class=\"wp-block-heading\">* C\u00e1lculo estimado sobre el paquete CEGASA Power Plus, precios sin IVA.<\/h6>\n","protected":false},"excerpt":{"rendered":"Mi casa tiene power. \u00bfY la tuya? Hazte con el poder de generar y almacenar tu propia energ\u00eda. Instala placas solares con bater\u00edas y aprovecha las ayudas del Gobierno Vasco. * C\u00e1lculo estimado sobre el paquete CEGASA Power Plus, precios sin IVA.","protected":false},"author":1,"featured_media":0,"parent":0,"menu_order":0,"comment_status":"closed","ping_status":"closed","template":"template-portada.php","meta":{"footnotes":""},"class_list":["post-10","page","type-page","status-publish","hentry"],"_links":{"self":[{"href":"https:\/\/www.cegasa.com\/cegasatedapower\/wp-json\/wp\/v2\/pages\/10","targetHints":{"allow":["GET"]}}],"collection":[{"href":"https:\/\/www.cegasa.com\/cegasatedapower\/wp-json\/wp\/v2\/pages"}],"about":[{"href":"https:\/\/www.cegasa.com\/cegasatedapower\/wp-json\/wp\/v2\/types\/page"}],"author":[{"embeddable":true,"href":"https:\/\/www.cegasa.com\/cegasatedapower\/wp-json\/wp\/v2\/users\/1"}],"replies":[{"embeddable":true,"href":"https:\/\/www.cegasa.com\/cegasatedapower\/wp-json\/wp\/v2\/comments?post=10"}],"version-history":[{"count":12,"href":"https:\/\/www.cegasa.com\/cegasatedapower\/wp-json\/wp\/v2\/pages\/10\/revisions"}],"predecessor-version":[{"id":56,"href":"https:\/\/www.cegasa.com\/cegasatedapower\/wp-json\/wp\/v2\/pages\/10\/revisions\/56"}],"wp:attachment":[{"href":"https:\/\/www.cegasa.com\/cegasatedapower\/wp-json\/wp\/v2\/media?parent=10"}],"curies":[{"name":"wp","href":"https:\/\/api.w.org\/{rel}","templated":true}]}}